{"id":5484,"date":"2024-01-16T08:46:22","date_gmt":"2024-01-16T08:46:22","guid":{"rendered":"https:\/\/baba.pilardev.fi\/product\/baba-ateria-falafel-kvinoa-matbucha-copy\/"},"modified":"2024-01-16T09:12:48","modified_gmt":"2024-01-16T09:12:48","slug":"baba-ateria-taytelainen-kikhernecurry-basmatiriisi","status":"publish","type":"product","link":"https:\/\/baba.pilardev.fi\/en\/product\/baba-ateria-taytelainen-kikhernecurry-basmatiriisi\/","title":{"rendered":"Baba Ateria: T\u00e4ytel\u00e4inen kikhernecurry &#038; basmatiriisi"},"content":{"rendered":"<h3><span style=\"vertical-align: inherit;\"><span style=\"vertical-align: inherit;\"><span style=\"vertical-align: inherit;\"><span style=\"vertical-align: inherit;\">Nutritional values 100g<\/span><\/span><\/span><\/span><\/h3>\n<table style=\"border-collapse: collapse; width: 100%; height: 168px;\" border=\"1\">\n<thead>\n<tr style=\"height: 24px;\">\n<th style=\"width: 50%; height: 24px;\"><span style=\"font-weight: 500;\">Nutritional values \/<\/span><\/th>\n<th style=\"width: 50%; height: 24px;\"><span style=\"vertical-align: inherit;\"><span style=\"vertical-align: inherit;\"><span style=\"vertical-align: inherit;\"><span style=\"vertical-align: inherit;\">100g<\/span><\/span><\/span><\/span><\/th>\n<\/tr>\n<\/thead>\n<tbody>\n<tr style=\"height: 24px;\">\n<td style=\"width: 50%; height: 24px;\">Energy<\/td>\n<td style=\"width: 50%; height: 24px;\">146 kcal \/ 610 kJ<\/td>\n<\/tr>\n<tr style=\"height: 24px;\">\n<td style=\"width: 50%; height: 24px;\">Fat<\/td>\n<td style=\"width: 50%; height: 24px;\">4,7 g &#8211; josta tyydyttyneit\u00e4 \/ varav m\u00e4ttat fett 0,3 g<\/td>\n<\/tr>\n<tr style=\"height: 24px;\">\n<td style=\"width: 50%; height: 24px;\">Carbohydrates<\/td>\n<td style=\"width: 50%; height: 24px;\">21,0 g &#8211; josta sokereita \/ varav sockerarter 1,2 g<\/td>\n<\/tr>\n<tr style=\"height: 24px;\">\n<td style=\"width: 50%; height: 24px;\">Fiber<\/td>\n<td style=\"width: 50%; height: 24px;\">1,5 g<\/td>\n<\/tr>\n<tr style=\"height: 24px;\">\n<td style=\"width: 50%; height: 24px;\">Protein<\/td>\n<td style=\"width: 50%; height: 24px;\">4,4 g<\/td>\n<\/tr>\n<tr style=\"height: 24px;\">\n<td style=\"width: 50%; height: 24px;\"><span style=\"vertical-align: inherit;\"><span style=\"vertical-align: inherit;\"><span style=\"vertical-align: inherit;\"><span style=\"vertical-align: inherit;\">Salt<\/span><\/span><\/span><\/span><\/td>\n<td style=\"width: 50%; height: 24px;\">0,9 g<\/td>\n<\/tr>\n<\/tbody>\n<\/table>","protected":false},"excerpt":{"rendered":"<p>Delicious ready meal<\/p>\n<p>Vegan, Gluten Free<\/p>\n<table class=\"summery-table\" style=\"border-collapse: collapse; width: 100%;\" border=\"0\">\n<tbody>\n<tr>\n<td style=\"width: 33.3333%;\"><strong><span style=\"vertical-align: inherit;\"><span style=\"vertical-align: inherit;\"><span style=\"vertical-align: inherit;\"><span style=\"vertical-align: inherit;\">Weight:<\/span><\/span><\/span><\/span><\/strong><\/td>\n<td style=\"width: 33.3333%;\"><strong><span style=\"vertical-align: inherit;\"><span style=\"vertical-align: inherit;\"><span style=\"vertical-align: inherit;\"><span style=\"vertical-align: inherit;\">Country of manufacture:<\/span><\/span><\/span><\/span><\/strong><\/td>\n<td style=\"width: 33.3333%;\"><strong><span style=\"vertical-align: inherit;\"><span style=\"vertical-align: inherit;\"><span style=\"vertical-align: inherit;\"><span style=\"vertical-align: inherit;\">EAN-code:<\/span><\/span><\/span><\/span><\/strong><\/td>\n<\/tr>\n<tr>\n<td style=\"width: 33.3333%;\">330g<\/td>\n<td style=\"width: 33.3333%;\">Suomi \/ Finland<\/td>\n<td style=\"width: 33.3333%;\">6430056262659<\/td>\n<\/tr>\n<\/tbody>\n<\/table>\n<p><strong><span style=\"vertical-align: inherit;\"><span style=\"vertical-align: inherit;\"><span style=\"vertical-align: inherit;\"><span style=\"vertical-align: inherit;\">Ingredients:<\/span><\/span><\/span><\/span><\/strong><\/p>\n<p>Kikhernecurry 55 % ((kikherne, <strong>kaura<\/strong>valmiste (vesi, gluteeniton t\u00e4ysjyv\u00e4<strong>kaura<\/strong>, rapsi\u00f6ljy, muunnetut t\u00e4rkkelykset, stabilointiaine (guarkumi), happamuudens\u00e4\u00e4t\u00f6aine (natriumsitraatti), emulgointiaine (E472e)), vesi, liemifondi (vesi, suola, aromi, sokeri, sipuli, stabilointiaine (ksantaanikumi), mausteet), harissa (rapsi\u00f6ljy, valkosipuli, chilipaprika, merisuola, mausteet), suola, sokeri, mausteet)), maustettu riisi 45 % (kasvisliemi, basmatiriisi (muu kuin eu), rapsi\u00f6ljy, merisuola, persilja).<\/p>\n<p>Kik\u00e4rtscurry 55 % ((kik\u00e4rt, <strong>havre<\/strong>produkt (vatten, glutenfri fullkorns<strong>havre<\/strong>, rapsolja, modifierad st\u00e4rkelse, stabiliseringsmedel (guark\u00e4rnmj\u00f6l), surhetsreglerande medel (natriumcitrat), emulgeringsmedel (E472e)), vatten, buljongfond (vatten, salt, arom, socker, l\u00f6k, stabiliseringsmedel (xantangummi), kryddor), harissa (rapsolja, vitl\u00f6k, chilipeppar, havssalt, kryddor), salt, socker, kryddor)), kryddat ris 45 % (gr\u00f6nsaksbuljong, basmatiris (icke eu), rapsolja, havssalt, persilja).<\/p>\n<p><strong><span style=\"vertical-align: inherit;\"><span style=\"vertical-align: inherit;\"><span style=\"vertical-align: inherit;\"><span style=\"vertical-align: inherit;\">Storage:<\/span><\/span><\/span><\/span><\/strong><\/p>\n<p>Under +6\u00b0C<\/p>","protected":false},"featured_media":5485,"template":"","meta":{"_acf_changed":false,"_et_pb_use_builder":"","_et_pb_old_content":"","_et_gb_content_width":"","om_disable_all_campaigns":false},"product_brand":[],"product_cat":[41],"product_tag":[],"class_list":{"0":"post-5484","1":"product","2":"type-product","3":"status-publish","4":"has-post-thumbnail","6":"product_cat-vahittaiskauppa","8":"first","9":"outofstock","10":"taxable","11":"shipping-taxable","12":"product-type-variable","13":"has-default-attributes"},"acf":[],"aioseo_notices":[],"_links":{"self":[{"href":"https:\/\/baba.pilardev.fi\/en\/wp-json\/wp\/v2\/product\/5484","targetHints":{"allow":["GET"]}}],"collection":[{"href":"https:\/\/baba.pilardev.fi\/en\/wp-json\/wp\/v2\/product"}],"about":[{"href":"https:\/\/baba.pilardev.fi\/en\/wp-json\/wp\/v2\/types\/product"}],"wp:featuredmedia":[{"embeddable":true,"href":"https:\/\/baba.pilardev.fi\/en\/wp-json\/wp\/v2\/media\/5485"}],"wp:attachment":[{"href":"https:\/\/baba.pilardev.fi\/en\/wp-json\/wp\/v2\/media?parent=5484"}],"wp:term":[{"taxonomy":"product_brand","embeddable":true,"href":"https:\/\/baba.pilardev.fi\/en\/wp-json\/wp\/v2\/product_brand?post=5484"},{"taxonomy":"product_cat","embeddable":true,"href":"https:\/\/baba.pilardev.fi\/en\/wp-json\/wp\/v2\/product_cat?post=5484"},{"taxonomy":"product_tag","embeddable":true,"href":"https:\/\/baba.pilardev.fi\/en\/wp-json\/wp\/v2\/product_tag?post=5484"}],"curies":[{"name":"wp","href":"https:\/\/api.w.org\/{rel}","templated":true}]}}