{"id":4556,"date":"2023-04-18T09:33:44","date_gmt":"2023-04-18T09:33:44","guid":{"rendered":"https:\/\/baba.pilardev.fi\/?post_type=product&#038;p=4556"},"modified":"2024-01-16T08:57:53","modified_gmt":"2024-01-16T08:57:53","slug":"baba-falafeltaikina-paistovalmis","status":"publish","type":"product","link":"https:\/\/baba.pilardev.fi\/en\/product\/baba-falafeltaikina-paistovalmis\/","title":{"rendered":"Baba Falafel paistovalmis falafeltaikina"},"content":{"rendered":"<h3><span style=\"vertical-align: inherit;\"><span style=\"vertical-align: inherit;\"><span style=\"vertical-align: inherit;\"><span style=\"vertical-align: inherit;\">Nutritional values 100g<\/span><\/span><\/span><\/span><\/h3>\n<table style=\"border-collapse: collapse; width: 100%; height: 168px;\" border=\"1\">\n<thead>\n<tr style=\"height: 24px;\">\n<th style=\"width: 50%; height: 24px;\"><span style=\"font-weight: 500;\">Nutritional values \/<\/span><\/th>\n<th style=\"width: 50%; height: 24px;\"><span style=\"vertical-align: inherit;\"><span style=\"vertical-align: inherit;\"><span style=\"vertical-align: inherit;\"><span style=\"vertical-align: inherit;\">100g<\/span><\/span><\/span><\/span><\/th>\n<\/tr>\n<\/thead>\n<tbody>\n<tr style=\"height: 24px;\">\n<td style=\"width: 50%; height: 24px;\">Energy<\/td>\n<td style=\"width: 50%; height: 24px;\">134 kcal \/ 561 kJ<\/td>\n<\/tr>\n<tr style=\"height: 24px;\">\n<td style=\"width: 50%; height: 24px;\">Fat<\/td>\n<td style=\"width: 50%; height: 24px;\">1,9 g &#8211; josta tyydyttyneit\u00e4 \/ varav m\u00e4ttat fett 0,0 g<\/td>\n<\/tr>\n<tr style=\"height: 24px;\">\n<td style=\"width: 50%; height: 24px;\">Carbohydrates<\/td>\n<td style=\"width: 50%; height: 24px;\">20 g &#8211; josta sokereita \/ varav sockerarter 1,6 g<\/td>\n<\/tr>\n<tr style=\"height: 24px;\">\n<td style=\"width: 50%; height: 24px;\">Fiber<\/td>\n<td style=\"width: 50%; height: 24px;\">4,1 g<\/td>\n<\/tr>\n<tr style=\"height: 24px;\">\n<td style=\"width: 50%; height: 24px;\">Protein<\/td>\n<td style=\"width: 50%; height: 24px;\">7,3 g<\/td>\n<\/tr>\n<tr style=\"height: 24px;\">\n<td style=\"width: 50%; height: 24px;\"><span style=\"vertical-align: inherit;\"><span style=\"vertical-align: inherit;\"><span style=\"vertical-align: inherit;\"><span style=\"vertical-align: inherit;\">Salt<\/span><\/span><\/span><\/span><\/td>\n<td style=\"width: 50%; height: 24px;\">1,1g<\/td>\n<\/tr>\n<\/tbody>\n<\/table>","protected":false},"excerpt":{"rendered":"<p>Paistovalmis falafeltaikina<\/p>\n<p>Vegan, Gluten Free<\/p>\n<table class=\"summery-table\" style=\"border-collapse: collapse; width: 100%;\" border=\"0\">\n<tbody>\n<tr>\n<td style=\"width: 33.3333%;\"><strong><span style=\"vertical-align: inherit;\"><span style=\"vertical-align: inherit;\"><span style=\"vertical-align: inherit;\"><span style=\"vertical-align: inherit;\">Weight:<\/span><\/span><\/span><\/span><\/strong><\/td>\n<td style=\"width: 33.3333%;\"><strong><span style=\"vertical-align: inherit;\"><span style=\"vertical-align: inherit;\"><span style=\"vertical-align: inherit;\"><span style=\"vertical-align: inherit;\">Country of manufacture:<\/span><\/span><\/span><\/span><\/strong><\/td>\n<td style=\"width: 33.3333%;\"><strong><span style=\"vertical-align: inherit;\"><span style=\"vertical-align: inherit;\"><span style=\"vertical-align: inherit;\"><span style=\"vertical-align: inherit;\">EAN-code:<\/span><\/span><\/span><\/span><\/strong><\/td>\n<\/tr>\n<tr>\n<td style=\"width: 33.3333%;\">350 g<\/td>\n<td style=\"width: 33.3333%;\">Suomi \/ Finland<\/td>\n<td style=\"width: 33.3333%;\">6430056262208<\/td>\n<\/tr>\n<\/tbody>\n<\/table>\n<p><strong><span style=\"vertical-align: inherit;\"><span style=\"vertical-align: inherit;\"><span style=\"vertical-align: inherit;\"><span style=\"vertical-align: inherit;\">Ingredients:<\/span><\/span><\/span><\/span><\/strong><\/p>\n<p>Kikherne 64 % (Kanada), sipuli,\u00a0yrtit (persilja, korianteri),perunajauho, valkosipuli,\u00a0merisuola, nostatusaine (ruokasooda), mausteet,\u00a0psyllium, s\u00e4il\u00f6nt\u00e4aineet (sitruunahappo, kaliumsorbaatti). Saattaa sis\u00e4lt\u00e4\u00e4 seesaminsiement\u00e4.<\/p>\n<p>Kik\u00e4rt 64 % (Kanada), l\u00f6k, \u00f6rter (persilja, koriander), potatismj\u00f6l, vitl\u00f6k, havssalt, j\u00e4sningsmedel (matsoda), kryddor, psyllium, konserveringsmedel (citronsyra, kaliumsorbat). Kan inneh\u00e5lla sesamfr\u00f6n.<\/p>\n<p><strong>Valmistus \/ Tillagning:<\/strong><\/p>\n<p>Muotoile\u00a0<span class=\"mark7x0oxj7pr\" data-markjs=\"true\" data-ogac=\"\" data-ogab=\"\" data-ogsc=\"\" data-ogsb=\"\">massa<\/span>sta pieni\u00e4 pihvej\u00e4. Paista pannulla keskil\u00e4mm\u00f6ll\u00e4 runsaassa \u00f6ljyss\u00e4, noin 2 min per puoli, kunnes pinta on ruskistunut.<\/p>\n<div>Forma sm\u00e5 biffar av\u00a0<span class=\"mark7x0oxj7pr\" data-markjs=\"true\" data-ogac=\"\" data-ogab=\"\" data-ogsc=\"\" data-ogsb=\"\">massa<\/span>n. Stek i panna p\u00e5 medelv\u00e4rme i rikligt med olja cirka 2 minuter per sida tills ytan blir gyllenbrun .<\/div>\n<div id=\"x_x_x_Signature\">\n<div><\/div>\n<\/div>\n<p><strong><span style=\"vertical-align: inherit;\"><span style=\"vertical-align: inherit;\"><span style=\"vertical-align: inherit;\"><span style=\"vertical-align: inherit;\">Storage:<\/span><\/span><\/span><\/span><\/strong><\/p>\n<p>0\u00b0C &#8211; 6\u00b0C.<\/p>","protected":false},"featured_media":5439,"template":"","meta":{"_acf_changed":false,"_et_pb_use_builder":"","_et_pb_old_content":"","_et_gb_content_width":"","om_disable_all_campaigns":false},"product_brand":[],"product_cat":[41],"product_tag":[],"class_list":{"0":"post-4556","1":"product","2":"type-product","3":"status-publish","4":"has-post-thumbnail","6":"product_cat-vahittaiskauppa","8":"first","9":"outofstock","10":"taxable","11":"shipping-taxable","12":"product-type-variable","13":"has-default-attributes"},"acf":[],"aioseo_notices":[],"_links":{"self":[{"href":"https:\/\/baba.pilardev.fi\/en\/wp-json\/wp\/v2\/product\/4556","targetHints":{"allow":["GET"]}}],"collection":[{"href":"https:\/\/baba.pilardev.fi\/en\/wp-json\/wp\/v2\/product"}],"about":[{"href":"https:\/\/baba.pilardev.fi\/en\/wp-json\/wp\/v2\/types\/product"}],"wp:featuredmedia":[{"embeddable":true,"href":"https:\/\/baba.pilardev.fi\/en\/wp-json\/wp\/v2\/media\/5439"}],"wp:attachment":[{"href":"https:\/\/baba.pilardev.fi\/en\/wp-json\/wp\/v2\/media?parent=4556"}],"wp:term":[{"taxonomy":"product_brand","embeddable":true,"href":"https:\/\/baba.pilardev.fi\/en\/wp-json\/wp\/v2\/product_brand?post=4556"},{"taxonomy":"product_cat","embeddable":true,"href":"https:\/\/baba.pilardev.fi\/en\/wp-json\/wp\/v2\/product_cat?post=4556"},{"taxonomy":"product_tag","embeddable":true,"href":"https:\/\/baba.pilardev.fi\/en\/wp-json\/wp\/v2\/product_tag?post=4556"}],"curies":[{"name":"wp","href":"https:\/\/api.w.org\/{rel}","templated":true}]}}