{"id":697,"date":"2022-04-13T13:03:14","date_gmt":"2022-04-13T13:03:14","guid":{"rendered":"https:\/\/baba.pilardev.fi\/?page_id=697"},"modified":"2025-04-24T13:27:34","modified_gmt":"2025-04-24T13:27:34","slug":"vahittaiskauppa","status":"publish","type":"page","link":"https:\/\/baba.pilardev.fi\/en\/tuotteet\/vahittaiskauppa\/","title":{"rendered":"Retail products"},"content":{"rendered":"<p>[et_pb_section fb_built=&#8221;1&#8243; custom_padding_last_edited=&#8221;on|desktop&#8221; _builder_version=&#8221;4.17.0&#8243; _module_preset=&#8221;default&#8221; background_image=&#8221;https:\/\/baba.pilardev.fi\/wp-content\/uploads\/2022\/04\/tou-banner.jpg&#8221; custom_padding=&#8221;120px||120px||true|false&#8221; custom_padding_tablet=&#8221;120px||120px||true|false&#8221; custom_padding_phone=&#8221;120px||120px||true|false&#8221; global_colors_info=&#8221;{}&#8221;][et_pb_row _builder_version=&#8221;4.17.3&#8243; _module_preset=&#8221;default&#8221; width_tablet=&#8221;100%&#8221; width_phone=&#8221;100%&#8221; width_last_edited=&#8221;on|tablet&#8221; module_alignment=&#8221;center&#8221; custom_padding=&#8221;||||false|false&#8221; background_color_tablet=&#8221;rgba(253,250,242,0.9)&#8221; background_last_edited=&#8221;on|tablet&#8221; background_enable_color_tablet=&#8221;on&#8221; global_colors_info=&#8221;{}&#8221;][et_pb_column type=&#8221;4_4&#8243; _builder_version=&#8221;4.17.0&#8243; _module_preset=&#8221;default&#8221; global_colors_info=&#8221;{}&#8221;][et_pb_blurb title=&#8221;@ET-DC@eyJkeW5hbWljIjp0cnVlLCJjb250ZW50IjoicG9zdF90aXRsZSIsInNldHRpbmdzIjp7ImJlZm9yZSI6IiIsImFmdGVyIjoiIn19@&#8221; content_max_width=&#8221;805px&#8221; module_class=&#8221;page-banner-type-two&#8221; _builder_version=&#8221;4.17.0&#8243; _dynamic_attributes=&#8221;title&#8221; _module_preset=&#8221;default&#8221; header_level=&#8221;h2&#8243; header_font=&#8221;Fierce||||||||&#8221; header_text_align=&#8221;center&#8221; header_font_size=&#8221;60px&#8221; header_line_height=&#8221;1.5em&#8221; body_font=&#8221;Poppins||||||||&#8221; body_font_size=&#8221;16px&#8221; body_line_height=&#8221;20px&#8221; background_enable_image=&#8221;off&#8221; text_orientation=&#8221;center&#8221; module_alignment=&#8221;center&#8221; custom_padding=&#8221;||||true|true&#8221; custom_padding_tablet=&#8221;24px|60px|24px|60px|true|true&#8221; custom_padding_phone=&#8221;11px|25px|11px|25px|true|true&#8221; custom_padding_last_edited=&#8221;on|phone&#8221; header_font_size_tablet=&#8221;41px&#8221; header_font_size_phone=&#8221;30px&#8221; header_font_size_last_edited=&#8221;on|phone&#8221; header_line_height_tablet=&#8221;1.5em&#8221; header_line_height_phone=&#8221;1em&#8221; header_line_height_last_edited=&#8221;on|phone&#8221; global_colors_info=&#8221;{}&#8221;][\/et_pb_blurb][\/et_pb_column][\/et_pb_row][\/et_pb_section][et_pb_section fb_built=&#8221;1&#8243; custom_padding_last_edited=&#8221;on|desktop&#8221; disabled_on=&#8221;off|off|off&#8221; module_id=&#8221;breadcrumb-section&#8221; module_class=&#8221;breadcrumb-section&#8221; _builder_version=&#8221;4.17.3&#8243; _module_preset=&#8221;default&#8221; background_color=&#8221;#fdfaf2&#8243; custom_padding=&#8221;0px|20px|0px|20px|false|true&#8221; custom_padding_tablet=&#8221;|20px||20px|false|true&#8221; custom_padding_phone=&#8221;|20px||20px|false|true&#8221; saved_tabs=&#8221;all&#8221; global_colors_info=&#8221;{}&#8221;][et_pb_row _builder_version=&#8221;4.17.0&#8243; _module_preset=&#8221;default&#8221; width=&#8221;100%&#8221; max_width=&#8221;1300px&#8221; module_alignment=&#8221;center&#8221; global_colors_info=&#8221;{}&#8221;][et_pb_column type=&#8221;4_4&#8243; _builder_version=&#8221;4.17.0&#8243; _module_preset=&#8221;default&#8221; global_colors_info=&#8221;{}&#8221;][et_pb_code _builder_version=&#8221;4.17.3&#8243; _module_preset=&#8221;default&#8221; display_conditions=&#8221;W10=&#8221; global_colors_info=&#8221;{}&#8221;]<span><span><a href=\"https:\/\/baba.pilardev.fi\/en\/\">Home<\/a> \/ <span><a href=\"https:\/\/baba.pilardev.fi\/en\/tuotteet\/\">Products<\/a><!-- [et_pb_line_break_holder] -->  \/ <span class=\"breadcrumb_last\">Vahittaiskauppa<\/spans><\/span><\/span><\/span>[\/et_pb_code][\/et_pb_column][\/et_pb_row][\/et_pb_section][et_pb_section fb_built=&#8221;1&#8243; module_id=&#8221;retail-product-grid-section&#8221; module_class=&#8221;retail-product-grid-section&#8221; _builder_version=&#8221;4.17.0&#8243; _module_preset=&#8221;default&#8221; global_colors_info=&#8221;{}&#8221;][et_pb_row column_structure=&#8221;1_4,1_4,1_4,1_4&#8243; use_custom_gutter=&#8221;on&#8221; gutter_width=&#8221;2&#8243; make_equal=&#8221;on&#8221; _builder_version=&#8221;4.17.3&#8243; _module_preset=&#8221;default&#8221; width=&#8221;100%&#8221; max_width=&#8221;1300px&#8221; module_alignment=&#8221;center&#8221; custom_padding=&#8221;|20px||20px|false|true&#8221; global_colors_info=&#8221;{}&#8221;][et_pb_column type=&#8221;1_4&#8243; _builder_version=&#8221;4.17.0&#8243; _module_preset=&#8221;default&#8221; global_colors_info=&#8221;{}&#8221;][et_pb_blurb title=&#8221;Baba Original Hummus&#8221; url=&#8221;https:\/\/baba.pilardev.fi\/product\/baba-hummus-retailer\/&#8221; image=&#8221;https:\/\/baba.pilardev.fi\/wp-content\/uploads\/2022\/04\/Original-hummus.jpg&#8221; _builder_version=&#8221;4.27.0&#8243; _module_preset=&#8221;default&#8221; header_font=&#8221;Poppins|600|||||||&#8221; header_text_align=&#8221;left&#8221; header_text_color=&#8221;#474141&#8243; header_font_size=&#8221;22px&#8221; background_color=&#8221;#f9f9f9&#8243; link_option_url=&#8221;https:\/\/baba.pilardev.fi\/product\/baba-hummus-retailer\/&#8221; global_colors_info=&#8221;{}&#8221;][\/et_pb_blurb][\/et_pb_column][et_pb_column type=&#8221;1_4&#8243; _builder_version=&#8221;4.17.0&#8243; _module_preset=&#8221;default&#8221; global_colors_info=&#8221;{}&#8221;][et_pb_blurb title=&#8221;Baba Chili Hummus&#8221; url=&#8221;https:\/\/baba.pilardev.fi\/product\/baba-chili-hummus-retailer\/&#8221; image=&#8221;https:\/\/baba.pilardev.fi\/wp-content\/uploads\/2022\/04\/Chili_hummus.jpg&#8221; _builder_version=&#8221;4.27.0&#8243; _module_preset=&#8221;default&#8221; header_font=&#8221;Poppins|600|||||||&#8221; header_text_align=&#8221;left&#8221; header_text_color=&#8221;#474141&#8243; header_font_size=&#8221;22px&#8221; background_color=&#8221;#f9f9f9&#8243; link_option_url=&#8221;https:\/\/baba.pilardev.fi\/product\/baba-chili-hummus-retailer\/&#8221; global_colors_info=&#8221;{}&#8221;][\/et_pb_blurb][\/et_pb_column][et_pb_column type=&#8221;1_4&#8243; _builder_version=&#8221;4.17.0&#8243; _module_preset=&#8221;default&#8221; global_colors_info=&#8221;{}&#8221;][et_pb_blurb title=&#8221;Baba Green Hummus&#8221; url=&#8221;https:\/\/baba.pilardev.fi\/product\/baba-green-hummus-retailer\/&#8221; image=&#8221;https:\/\/baba.pilardev.fi\/wp-content\/uploads\/2022\/04\/Green_hummus.jpg&#8221; _builder_version=&#8221;4.27.0&#8243; _module_preset=&#8221;default&#8221; header_font=&#8221;Poppins|600|||||||&#8221; header_text_align=&#8221;left&#8221; header_text_color=&#8221;#474141&#8243; header_font_size=&#8221;22px&#8221; background_color=&#8221;#f9f9f9&#8243; link_option_url=&#8221;https:\/\/baba.pilardev.fi\/product\/baba-green-hummus-retailer\/&#8221; global_colors_info=&#8221;{}&#8221;][\/et_pb_blurb][\/et_pb_column][et_pb_column type=&#8221;1_4&#8243; _builder_version=&#8221;4.17.0&#8243; _module_preset=&#8221;default&#8221; global_colors_info=&#8221;{}&#8221;][et_pb_blurb title=&#8221;Baba Punajuurihummus&#8221; url=&#8221;https:\/\/baba.pilardev.fi\/product\/baba-punajuurihummus-vahittaiskauppa\/&#8221; image=&#8221;https:\/\/baba.pilardev.fi\/wp-content\/uploads\/2022\/05\/Punajuurihummus-scaled.jpg&#8221; _builder_version=&#8221;4.27.0&#8243; _module_preset=&#8221;default&#8221; header_font=&#8221;Poppins|600|||||||&#8221; header_text_align=&#8221;left&#8221; header_text_color=&#8221;#474141&#8243; header_font_size=&#8221;22px&#8221; background_color=&#8221;#f9f9f9&#8243; link_option_url=&#8221;https:\/\/baba.pilardev.fi\/product\/baba-punajuurihummus-vahittaiskauppa\/&#8221; global_colors_info=&#8221;{}&#8221;][\/et_pb_blurb][\/et_pb_column][\/et_pb_row][et_pb_row column_structure=&#8221;1_4,1_4,1_4,1_4&#8243; use_custom_gutter=&#8221;on&#8221; gutter_width=&#8221;2&#8243; make_equal=&#8221;on&#8221; _builder_version=&#8221;4.17.3&#8243; _module_preset=&#8221;default&#8221; width=&#8221;100%&#8221; max_width=&#8221;1300px&#8221; module_alignment=&#8221;center&#8221; custom_padding=&#8221;|20px||20px|false|true&#8221; global_colors_info=&#8221;{}&#8221;][et_pb_column type=&#8221;1_4&#8243; _builder_version=&#8221;4.17.0&#8243; _module_preset=&#8221;default&#8221; global_colors_info=&#8221;{}&#8221;][et_pb_blurb title=&#8221;Baba Falafel Original&#8221; url=&#8221;https:\/\/baba.pilardev.fi\/product\/baba-falafel-original-retailer\/&#8221; image=&#8221;https:\/\/baba.pilardev.fi\/wp-content\/uploads\/2024\/02\/Baba-Foods-tammikuu-20246894-scaled.jpg&#8221; content_max_width=&#8221;753px&#8221; _builder_version=&#8221;4.27.0&#8243; _module_preset=&#8221;default&#8221; header_font=&#8221;Poppins|600|||||||&#8221; header_text_align=&#8221;left&#8221; header_text_color=&#8221;#474141&#8243; header_font_size=&#8221;22px&#8221; background_color=&#8221;#f9f9f9&#8243; height=&#8221;492px&#8221; link_option_url=&#8221;https:\/\/baba.pilardev.fi\/product\/baba-falafel-original-retailer\/&#8221; global_colors_info=&#8221;{}&#8221;][\/et_pb_blurb][\/et_pb_column][et_pb_column type=&#8221;1_4&#8243; _builder_version=&#8221;4.17.0&#8243; _module_preset=&#8221;default&#8221; global_colors_info=&#8221;{}&#8221;][et_pb_blurb title=&#8221;Baba Py\u00f6rykk\u00e4: Peruna &#038; kikherne&#8221; url=&#8221;https:\/\/baba.pilardev.fi\/product\/baba-pyorykka-peruna-kikherne\/&#8221; image=&#8221;https:\/\/baba.pilardev.fi\/wp-content\/uploads\/2024\/02\/Baba-Foods-tammikuu-20246918-kopio-1-scaled.jpg&#8221; _builder_version=&#8221;4.19.5&#8243; _module_preset=&#8221;default&#8221; header_font=&#8221;Poppins|600|||||||&#8221; header_text_align=&#8221;left&#8221; header_text_color=&#8221;#474141&#8243; header_font_size=&#8221;22px&#8221; background_color=&#8221;#f9f9f9&#8243; link_option_url=&#8221;https:\/\/baba.pilardev.fi\/product\/baba-pyorykka-peruna-kikherne\/&#8221; locked=&#8221;off&#8221; global_colors_info=&#8221;{}&#8221;][\/et_pb_blurb][\/et_pb_column][et_pb_column type=&#8221;1_4&#8243; _builder_version=&#8221;4.17.0&#8243; _module_preset=&#8221;default&#8221; global_colors_info=&#8221;{}&#8221;][et_pb_blurb title=&#8221;Baba Py\u00f6rykk\u00e4: Sieni &#038; siemen&#8221; url=&#8221;https:\/\/baba.pilardev.fi\/product\/baba-pyorykka-sieni-siemen\/&#8221; image=&#8221;https:\/\/baba.pilardev.fi\/wp-content\/uploads\/2025\/04\/Baba_sieni-siemen-pienempi.jpg&#8221; _builder_version=&#8221;4.27.0&#8243; _module_preset=&#8221;default&#8221; header_font=&#8221;Poppins|600|||||||&#8221; header_text_align=&#8221;left&#8221; header_text_color=&#8221;#474141&#8243; header_font_size=&#8221;22px&#8221; background_color=&#8221;#f9f9f9&#8243; link_option_url=&#8221;https:\/\/baba.pilardev.fi\/product\/baba-pyorykka-sieni-siemen\/&#8221; hover_enabled=&#8221;0&#8243; locked=&#8221;off&#8221; global_colors_info=&#8221;{}&#8221; title_text=&#8221;Baba_sieni-siemen-pienempi&#8221; sticky_enabled=&#8221;0&#8243;][\/et_pb_blurb][\/et_pb_column][et_pb_column type=&#8221;1_4&#8243; _builder_version=&#8221;4.17.0&#8243; _module_preset=&#8221;default&#8221; global_colors_info=&#8221;{}&#8221;][et_pb_blurb title=&#8221;Baba Olivinade&#8221; url=&#8221;https:\/\/baba.pilardev.fi\/product\/baba-olivinade-vahittaiskauppa\/&#8221; image=&#8221;https:\/\/baba.pilardev.fi\/wp-content\/uploads\/2022\/05\/Baba-Olivinade-scaled.jpg&#8221; _builder_version=&#8221;4.27.0&#8243; _module_preset=&#8221;default&#8221; header_font=&#8221;Poppins|600|||||||&#8221; header_text_align=&#8221;left&#8221; header_text_color=&#8221;#474141&#8243; header_font_size=&#8221;22px&#8221; background_color=&#8221;#f9f9f9&#8243; height=&#8221;491px&#8221; link_option_url=&#8221;https:\/\/baba.pilardev.fi\/product\/baba-olivinade-vahittaiskauppa\/&#8221; global_colors_info=&#8221;{}&#8221;][\/et_pb_blurb][\/et_pb_column][\/et_pb_row][et_pb_row column_structure=&#8221;1_4,1_4,1_4,1_4&#8243; use_custom_gutter=&#8221;on&#8221; gutter_width=&#8221;2&#8243; make_equal=&#8221;on&#8221; _builder_version=&#8221;4.17.3&#8243; _module_preset=&#8221;default&#8221; width=&#8221;100%&#8221; max_width=&#8221;1300px&#8221; module_alignment=&#8221;center&#8221; custom_padding=&#8221;|20px||20px|false|true&#8221; global_colors_info=&#8221;{}&#8221;][et_pb_column type=&#8221;1_4&#8243; _builder_version=&#8221;4.17.0&#8243; _module_preset=&#8221;default&#8221; global_colors_info=&#8221;{}&#8221;][et_pb_blurb title=&#8221;Baba Ateria: Falafel, kvinoa &#038; matbucha&#8221; url=&#8221;https:\/\/baba.pilardev.fi\/product\/baba-ateria-falafel-kvinoa-matbucha\/&#8221; image=&#8221;https:\/\/baba.pilardev.fi\/wp-content\/uploads\/2024\/02\/Baba-Foods-tammikuu-20246812-kopio-scaled.jpg&#8221; _builder_version=&#8221;4.27.0&#8243; _module_preset=&#8221;default&#8221; header_font=&#8221;Poppins|600|||||||&#8221; header_text_align=&#8221;left&#8221; header_text_color=&#8221;#474141&#8243; header_font_size=&#8221;22px&#8221; background_color=&#8221;#f9f9f9&#8243; link_option_url=&#8221;https:\/\/baba.pilardev.fi\/product\/baba-ateria-falafel-kvinoa-matbucha\/&#8221; global_colors_info=&#8221;{}&#8221;][\/et_pb_blurb][\/et_pb_column][et_pb_column type=&#8221;1_4&#8243; _builder_version=&#8221;4.19.0&#8243; _module_preset=&#8221;default&#8221; global_colors_info=&#8221;{}&#8221;][et_pb_blurb title=&#8221;Baba Ateria: Kermainen sienikastike &#038; riisi&#8221; url=&#8221;https:\/\/baba.pilardev.fi\/product\/baba-ateria-kermainen-sienikastike-riisi\/&#8221; image=&#8221;https:\/\/baba.pilardev.fi\/wp-content\/uploads\/2024\/02\/Baba-Foods-tammikuu-20246791-kopio-scaled.jpg&#8221; _builder_version=&#8221;4.27.0&#8243; _module_preset=&#8221;default&#8221; header_font=&#8221;Poppins|600|||||||&#8221; header_text_align=&#8221;left&#8221; header_text_color=&#8221;#474141&#8243; header_font_size=&#8221;22px&#8221; background_color=&#8221;#f9f9f9&#8243; link_option_url=&#8221;https:\/\/baba.pilardev.fi\/product\/baba-ateria-kermainen-sienikastike-riisi\/&#8221; locked=&#8221;off&#8221; global_colors_info=&#8221;{}&#8221;][\/et_pb_blurb][\/et_pb_column][et_pb_column type=&#8221;1_4&#8243; _builder_version=&#8221;4.19.5&#8243; _module_preset=&#8221;default&#8221; global_colors_info=&#8221;{}&#8221;][et_pb_blurb title=&#8221;Baba Ateria: T\u00e4ytel\u00e4inen kikhernecurry &#038; basmatiriisi&#8221; url=&#8221;https:\/\/baba.pilardev.fi\/product\/baba-ateria-taytelainen-kikhernecurry-basmatiriisi\/&#8221; image=&#8221;https:\/\/baba.pilardev.fi\/wp-content\/uploads\/2024\/02\/Baba-Foods-tammikuu-20246855-kopio-scaled.jpg&#8221; _builder_version=&#8221;4.27.0&#8243; _module_preset=&#8221;default&#8221; header_font=&#8221;Poppins|600|||||||&#8221; header_text_align=&#8221;left&#8221; header_text_color=&#8221;#474141&#8243; header_font_size=&#8221;22px&#8221; background_color=&#8221;#f9f9f9&#8243; height=&#8221;491px&#8221; link_option_url=&#8221;https:\/\/baba.pilardev.fi\/product\/baba-ateria-taytelainen-kikhernecurry-basmatiriisi\/&#8221; locked=&#8221;off&#8221; global_colors_info=&#8221;{}&#8221;][\/et_pb_blurb][\/et_pb_column][et_pb_column type=&#8221;1_4&#8243; _builder_version=&#8221;4.17.0&#8243; _module_preset=&#8221;default&#8221; global_colors_info=&#8221;{}&#8221;][et_pb_blurb title=&#8221;Baba Ganoush&#8221; url=&#8221;https:\/\/baba.pilardev.fi\/product\/baba-ganoush-retailer\/&#8221; image=&#8221;https:\/\/baba.pilardev.fi\/wp-content\/uploads\/2022\/04\/Babaganoush.jpg&#8221; image_icon_width=&#8221;112%&#8221; content_max_width=&#8221;515px&#8221; _builder_version=&#8221;4.27.0&#8243; _module_preset=&#8221;default&#8221; header_font=&#8221;Poppins|600|||||||&#8221; header_text_align=&#8221;left&#8221; header_text_color=&#8221;#474141&#8243; header_font_size=&#8221;22px&#8221; background_color=&#8221;#f9f9f9&#8243; image_icon_custom_margin=&#8221;-3px||||false|false&#8221; image_icon_custom_padding=&#8221;0px||||false|false&#8221; width=&#8221;100%&#8221; max_width=&#8221;100%&#8221; height=&#8221;491px&#8221; custom_margin=&#8221;0px||-25px||false|false&#8221; custom_padding=&#8221;0px||||false|false&#8221; link_option_url=&#8221;https:\/\/baba.pilardev.fi\/product\/baba-ganoush-retailer\/&#8221; global_colors_info=&#8221;{}&#8221;][\/et_pb_blurb][\/et_pb_column][\/et_pb_row][et_pb_row column_structure=&#8221;1_4,1_4,1_4,1_4&#8243; use_custom_gutter=&#8221;on&#8221; gutter_width=&#8221;2&#8243; make_equal=&#8221;on&#8221; _builder_version=&#8221;4.17.3&#8243; _module_preset=&#8221;default&#8221; width=&#8221;100%&#8221; max_width=&#8221;1300px&#8221; module_alignment=&#8221;center&#8221; custom_padding=&#8221;|20px||20px|false|true&#8221; global_colors_info=&#8221;{}&#8221;][et_pb_column type=&#8221;1_4&#8243; _builder_version=&#8221;4.17.0&#8243; _module_preset=&#8221;default&#8221; global_colors_info=&#8221;{}&#8221;][et_pb_blurb title=&#8221;Baba Tahinismoothie Mango &#038; passion&#8221; url=&#8221;https:\/\/baba.pilardev.fi\/product\/baba-tahinismoothie-mango-passion-retailer\/&#8221; image=&#8221;https:\/\/baba.pilardev.fi\/wp-content\/uploads\/2023\/02\/Mango_passion_144ppi-scaled.jpg&#8221; _builder_version=&#8221;4.27.0&#8243; _module_preset=&#8221;default&#8221; header_font=&#8221;Poppins|600|||||||&#8221; header_text_align=&#8221;left&#8221; header_text_color=&#8221;#474141&#8243; header_font_size=&#8221;22px&#8221; background_color=&#8221;#f9f9f9&#8243; height=&#8221;538px&#8221; link_option_url=&#8221;https:\/\/baba.pilardev.fi\/product\/baba-tahinismoothie-mango-passion-retailer\/&#8221; locked=&#8221;off&#8221; global_colors_info=&#8221;{}&#8221;][\/et_pb_blurb][\/et_pb_column][et_pb_column type=&#8221;1_4&#8243; _builder_version=&#8221;4.17.0&#8243; _module_preset=&#8221;default&#8221; global_colors_info=&#8221;{}&#8221;][et_pb_blurb title=&#8221;Baba Tahinismoothie Inkiv\u00e4\u00e4ri &#038; vihre\u00e4 omena&#8221; url=&#8221;https:\/\/baba.pilardev.fi\/product\/baba-tahinismoothie-inkivaari-omena\/&#8221; image=&#8221;https:\/\/baba.pilardev.fi\/wp-content\/uploads\/2023\/02\/Inkivaari_omena_144ppi-scaled.jpg&#8221; _builder_version=&#8221;4.27.0&#8243; _module_preset=&#8221;default&#8221; header_font=&#8221;Poppins|600|||||||&#8221; header_text_align=&#8221;left&#8221; header_text_color=&#8221;#474141&#8243; header_font_size=&#8221;22px&#8221; background_color=&#8221;#f9f9f9&#8243; height=&#8221;538px&#8221; link_option_url=&#8221;https:\/\/baba.pilardev.fi\/product\/baba-tahinismoothie-inkivaari-omena\/&#8221; locked=&#8221;off&#8221; global_colors_info=&#8221;{}&#8221;][\/et_pb_blurb][\/et_pb_column][et_pb_column type=&#8221;1_4&#8243; _builder_version=&#8221;4.19.5&#8243; _module_preset=&#8221;default&#8221; global_colors_info=&#8221;{}&#8221;][et_pb_blurb title=&#8221;Baba Harissa (l\u00e4mpim\u00e4st\u00e4)&#8221; url=&#8221;https:\/\/baba.pilardev.fi\/product\/baba-harissa-lampimasta-vahittaiskauppa\/&#8221; image=&#8221;https:\/\/baba.pilardev.fi\/wp-content\/uploads\/2022\/04\/Harissa.jpg&#8221; _builder_version=&#8221;4.27.0&#8243; _module_preset=&#8221;default&#8221; header_font=&#8221;Poppins|600|||||||&#8221; header_text_align=&#8221;left&#8221; header_text_color=&#8221;#474141&#8243; header_font_size=&#8221;22px&#8221; background_color=&#8221;#f9f9f9&#8243; link_option_url=&#8221;https:\/\/baba.pilardev.fi\/product\/baba-harissa-lampimasta-vahittaiskauppa\/&#8221; global_colors_info=&#8221;{}&#8221;][\/et_pb_blurb][\/et_pb_column][et_pb_column type=&#8221;1_4&#8243; _builder_version=&#8221;4.17.0&#8243; _module_preset=&#8221;default&#8221; global_colors_info=&#8221;{}&#8221;][et_pb_blurb title=&#8221;Baba Tahini (l\u00e4mpim\u00e4st\u00e4)&#8221; url=&#8221;https:\/\/baba.pilardev.fi\/product\/baba-tahini-lampimasta\/&#8221; image=&#8221;https:\/\/baba.pilardev.fi\/wp-content\/uploads\/2022\/05\/Tahini.jpg&#8221; _builder_version=&#8221;4.27.0&#8243; _module_preset=&#8221;default&#8221; header_font=&#8221;Poppins|600|||||||&#8221; header_text_align=&#8221;left&#8221; header_text_color=&#8221;#474141&#8243; header_font_size=&#8221;22px&#8221; background_color=&#8221;#f9f9f9&#8243; link_option_url=&#8221;https:\/\/baba.pilardev.fi\/product\/baba-tahini-lampimasta\/&#8221; global_colors_info=&#8221;{}&#8221;][\/et_pb_blurb][\/et_pb_column][\/et_pb_row][et_pb_row column_structure=&#8221;1_4,1_4,1_4,1_4&#8243; use_custom_gutter=&#8221;on&#8221; gutter_width=&#8221;2&#8243; make_equal=&#8221;on&#8221; _builder_version=&#8221;4.17.3&#8243; _module_preset=&#8221;default&#8221; width=&#8221;100%&#8221; max_width=&#8221;1300px&#8221; module_alignment=&#8221;center&#8221; custom_padding=&#8221;|20px||20px|false|true&#8221; global_colors_info=&#8221;{}&#8221;][et_pb_column type=&#8221;1_4&#8243; _builder_version=&#8221;4.17.0&#8243; _module_preset=&#8221;default&#8221; global_colors_info=&#8221;{}&#8221;][et_pb_blurb title=&#8221;Baba Falafel paistovalmis massa&#8221; url=&#8221;https:\/\/baba.pilardev.fi\/product\/baba-falafeltaikina-paistovalmis\/&#8221; image=&#8221;https:\/\/baba.pilardev.fi\/wp-content\/uploads\/2024\/02\/Baba-Foods-tammikuu-20246873-kopio-scaled.jpg&#8221; _builder_version=&#8221;4.27.0&#8243; _module_preset=&#8221;default&#8221; header_font=&#8221;Poppins|600|||||||&#8221; header_text_align=&#8221;left&#8221; header_text_color=&#8221;#474141&#8243; header_font_size=&#8221;22px&#8221; background_color=&#8221;#f9f9f9&#8243; link_option_url=&#8221;https:\/\/baba.pilardev.fi\/product\/baba-falafeltaikina-paistovalmis\/&#8221; locked=&#8221;off&#8221; global_colors_info=&#8221;{}&#8221;][\/et_pb_blurb][\/et_pb_column][et_pb_column type=&#8221;1_4&#8243; _builder_version=&#8221;4.17.0&#8243; _module_preset=&#8221;default&#8221; global_colors_info=&#8221;{}&#8221;][\/et_pb_column][et_pb_column type=&#8221;1_4&#8243; _builder_version=&#8221;4.19.5&#8243; _module_preset=&#8221;default&#8221; global_colors_info=&#8221;{}&#8221;][\/et_pb_column][et_pb_column type=&#8221;1_4&#8243; _builder_version=&#8221;4.17.0&#8243; _module_preset=&#8221;default&#8221; global_colors_info=&#8221;{}&#8221;][\/et_pb_column][\/et_pb_row][\/et_pb_section][et_pb_section fb_built=&#8221;1&#8243; module_id=&#8221;product-call-action&#8221; module_class=&#8221;product-call-action&#8221; _builder_version=&#8221;4.17.0&#8243; _module_preset=&#8221;default&#8221; background_color=&#8221;#f5efe9&#8243; global_colors_info=&#8221;{}&#8221;][et_pb_row _builder_version=&#8221;4.17.0&#8243; _module_preset=&#8221;default&#8221; global_colors_info=&#8221;{}&#8221;][et_pb_column type=&#8221;4_4&#8243; _builder_version=&#8221;4.17.0&#8243; _module_preset=&#8221;default&#8221; global_colors_info=&#8221;{}&#8221;][et_pb_text _builder_version=&#8221;4.17.1&#8243; _module_preset=&#8221;default&#8221; text_font=&#8221;Poppins|600|||||||&#8221; text_text_color=&#8221;#474141&#8243; text_font_size=&#8221;28px&#8221; text_line_height=&#8221;1.2em&#8221; text_orientation=&#8221;center&#8221; global_colors_info=&#8221;{}&#8221;]<\/p>\n<p>For parties and other occasions, our products are available in larger packages!<\/p>\n<p>[\/et_pb_text][et_pb_button button_url=&#8221;https:\/\/baba.pilardev.fi\/kuluttajakauppa\/&#8221; button_text=&#8221;TILAA NYT&#8221; button_alignment=&#8221;center&#8221; _builder_version=&#8221;4.17.3&#8243; _module_preset=&#8221;default&#8221; custom_button=&#8221;on&#8221; button_text_size=&#8221;18px&#8221; button_text_color=&#8221;#FFFFFF&#8221; button_bg_color=&#8221;#8c2875&#8243; button_border_width=&#8221;0px&#8221; button_border_radius=&#8221;0px&#8221; button_font=&#8221;Poppins|600|||||||&#8221; global_colors_info=&#8221;{}&#8221;][\/et_pb_button][\/et_pb_column][\/et_pb_row][\/et_pb_section][et_pb_section fb_built=&#8221;1&#8243; module_id=&#8221;recycling-section&#8221; module_class=&#8221;recycling-section&#8221; _builder_version=&#8221;4.17.0&#8243; _module_preset=&#8221;default&#8221; custom_padding=&#8221;60px||60px||true|false&#8221; global_colors_info=&#8221;{}&#8221;][et_pb_row _builder_version=&#8221;4.17.0&#8243; _module_preset=&#8221;default&#8221; global_colors_info=&#8221;{}&#8221;][et_pb_column type=&#8221;4_4&#8243; _builder_version=&#8221;4.17.0&#8243; _module_preset=&#8221;default&#8221; global_colors_info=&#8221;{}&#8221;][et_pb_text _builder_version=&#8221;4.19.5&#8243; _module_preset=&#8221;default&#8221; text_font=&#8221;Poppins||on||||||&#8221; text_text_color=&#8221;#474141&#8243; text_font_size=&#8221;20px&#8221; text_line_height=&#8221;1.5em&#8221; text_orientation=&#8221;center&#8221; global_colors_info=&#8221;{}&#8221;]<\/p>\n<p><img loading=\"lazy\" decoding=\"async\" src=\"https:\/\/baba.pilardev.fi\/wp-content\/uploads\/2022\/04\/recycle.png\" width=\"130\" height=\"130\" alt=\"\" class=\"wp-image-713 alignnone size-full\" style=\"display: block; margin-left: auto; margin-right: auto;\" srcset=\"https:\/\/baba.pilardev.fi\/wp-content\/uploads\/2022\/04\/recycle.png 130w, https:\/\/baba.pilardev.fi\/wp-content\/uploads\/2022\/04\/recycle-100x100.png 100w, https:\/\/baba.pilardev.fi\/wp-content\/uploads\/2022\/04\/recycle-75x75.png 75w\" sizes=\"(max-width: 130px) 100vw, 130px\" \/><\/p>\n<p>All Baba consumer packages are recyclable and should be placed in either plastic, glass, or cardboard recycling. Please check the product packaging for more detailed instructions.<\/p>\n<p>[\/et_pb_text][\/et_pb_column][\/et_pb_row][\/et_pb_section]<\/p>","protected":false},"excerpt":{"rendered":"<p>Juhliin ja muihin tilaisuuksiin tuotteitamme on saatavilla isommissa pakkauksissa! Kaikki Baban kuluttajapakkaukset ovat kierr\u00e4tett\u00e4vi\u00e4, ja ne laitetaan joko muovinker\u00e4ykseen, lasinker\u00e4ykseen tai pahvinker\u00e4ykseen. Katso tarkemmat ohjeet tuotteen pakkauksesta.<\/p>","protected":false},"author":1,"featured_media":0,"parent":31,"menu_order":0,"comment_status":"closed","ping_status":"closed","template":"","meta":{"_acf_changed":false,"_et_pb_use_builder":"on","_et_pb_old_content":"","_et_gb_content_width":"","om_disable_all_campaigns":false,"footnotes":""},"class_list":["post-697","page","type-page","status-publish","hentry"],"acf":[],"aioseo_notices":[],"_links":{"self":[{"href":"https:\/\/baba.pilardev.fi\/en\/wp-json\/wp\/v2\/pages\/697","targetHints":{"allow":["GET"]}}],"collection":[{"href":"https:\/\/baba.pilardev.fi\/en\/wp-json\/wp\/v2\/pages"}],"about":[{"href":"https:\/\/baba.pilardev.fi\/en\/wp-json\/wp\/v2\/types\/page"}],"author":[{"embeddable":true,"href":"https:\/\/baba.pilardev.fi\/en\/wp-json\/wp\/v2\/users\/1"}],"replies":[{"embeddable":true,"href":"https:\/\/baba.pilardev.fi\/en\/wp-json\/wp\/v2\/comments?post=697"}],"version-history":[{"count":76,"href":"https:\/\/baba.pilardev.fi\/en\/wp-json\/wp\/v2\/pages\/697\/revisions"}],"predecessor-version":[{"id":6573,"href":"https:\/\/baba.pilardev.fi\/en\/wp-json\/wp\/v2\/pages\/697\/revisions\/6573"}],"up":[{"embeddable":true,"href":"https:\/\/baba.pilardev.fi\/en\/wp-json\/wp\/v2\/pages\/31"}],"wp:attachment":[{"href":"https:\/\/baba.pilardev.fi\/en\/wp-json\/wp\/v2\/media?parent=697"}],"curies":[{"name":"wp","href":"https:\/\/api.w.org\/{rel}","templated":true}]}}